{"id":4276,"date":"2018-03-24T15:45:23","date_gmt":"2018-03-24T15:45:23","guid":{"rendered":"http:\/\/lemanoirdeleon.fr\/residence\/"},"modified":"2020-02-17T11:03:38","modified_gmt":"2020-02-17T11:03:38","slug":"residence","status":"publish","type":"page","link":"http:\/\/lemanoirdeleon.fr\/en\/residence\/","title":{"rendered":"RESIDENCE"},"content":{"rendered":"<p>[vc_row full_width=&#8221;stretch_row_content&#8221; full_height=&#8221;yes&#8221; css=&#8221;.vc_custom_1521570186885{padding-top: 200px !important;padding-bottom: 200px !important;background-image: url(http:\/\/lemanoirdeleon.fr\/wp-content\/uploads\/2018\/03\/T62A0725NB.jpg?id=3411) !important;background-position: center !important;background-repeat: no-repeat !important;background-size: cover !important;}&#8221;][vc_column width=&#8221;1\/6&#8243; css=&#8221;.vc_custom_1521575087685{padding-top: 20px !important;padding-right: 20px !important;padding-bottom: 20px !important;padding-left: 20px !important;background-color: rgba(137,11,32,0.8) !important;*background-color: rgb(137,11,32) !important;}&#8221;][\/vc_column][vc_column width=&#8221;2\/6&#8243; css=&#8221;.vc_custom_1521575068367{padding-top: 20px !important;padding-right: 20px !important;padding-bottom: 20px !important;padding-left: 20px !important;background-color: rgba(137,11,32,0.8) !important;*background-color: rgb(137,11,32) !important;}&#8221;][vc_custom_heading text=&#8221;R\u00e9sidence&#8221; font_container=&#8221;tag:h1|font_size:40|text_align:left|color:%23ffffff&#8221; google_fonts=&#8221;font_family:Coda%3Aregular%2C800|font_style:400%20regular%3A400%3Anormal&#8221;][\/vc_column][vc_column width=&#8221;1\/6&#8243;][\/vc_column][vc_column width=&#8221;1\/6&#8243;][\/vc_column][vc_column width=&#8221;1\/6&#8243;][\/vc_column][\/vc_row][vc_row full_width=&#8221;stretch_row&#8221; gap=&#8221;35&#8243;][vc_column width=&#8221;1\/6&#8243;][\/vc_column][vc_column width=&#8221;2\/6&#8243;][vc_custom_heading text=&#8221;MG.&#8221; font_container=&#8221;tag:h1|font_size:80|text_align:left&#8221; google_fonts=&#8221;font_family:Coda%3Aregular%2C800|font_style:400%20regular%3A400%3Anormal&#8221; css=&#8221;.vc_custom_1581937042958{margin-bottom: 0px !important;padding-bottom: 0px !important;}&#8221;][vc_custom_heading text=&#8221;Micha\u00ebl Gr\u00e9gorio&#8221; font_container=&#8221;tag:h1|font_size:40|text_align:left&#8221; google_fonts=&#8221;font_family:Coda%3Aregular%2C800|font_style:400%20regular%3A400%3Anormal&#8221; css=&#8221;.vc_custom_1581937065817{margin-top: 0px !important;}&#8221;][vc_column_text]<\/p>\n<pre style=\"text-align: left;\">R\u00e9sidence pr\u00e9p. tourn\u00e9e\nRucq Spectacles<\/pre>\n<p>[\/vc_column_text][vc_single_image image=&#8221;4482&#8243; img_size=&#8221;450&#215;250&#8243; style=&#8221;vc_box_shadow_3d&#8221;][\/vc_column][vc_column width=&#8221;2\/6&#8243;][vc_custom_heading text=&#8221;KG.&#8221; font_container=&#8221;tag:h1|font_size:80|text_align:left&#8221; google_fonts=&#8221;font_family:Coda%3Aregular%2C800|font_style:400%20regular%3A400%3Anormal&#8221; css=&#8221;.vc_custom_1581937154376{margin-bottom: 0px !important;padding-bottom: 0px !important;}&#8221;][vc_custom_heading text=&#8221;Kendji Girac&#8221; font_container=&#8221;tag:h1|font_size:40|text_align:left&#8221; google_fonts=&#8221;font_family:Coda%3Aregular%2C800|font_style:400%20regular%3A400%3Anormal&#8221; css=&#8221;.vc_custom_1581937178849{margin-top: 0px !important;}&#8221;][vc_column_text]<\/p>\n<pre>R\u00e9sidence de cr\u00e9ation\nTS3<\/pre>\n<p>[\/vc_column_text][vc_single_image image=&#8221;4485&#8243; img_size=&#8221;450&#215;250&#8243; style=&#8221;vc_box_shadow_3d&#8221;][\/vc_column][vc_column width=&#8221;1\/6&#8243;][\/vc_column][\/vc_row][vc_row full_width=&#8221;stretch_row&#8221; gap=&#8221;35&#8243;][vc_column width=&#8221;1\/6&#8243;][\/vc_column][vc_column width=&#8221;2\/6&#8243;][vc_custom_heading text=&#8221;BH.&#8221; font_container=&#8221;tag:h1|font_size:80|text_align:left&#8221; google_fonts=&#8221;font_family:Coda%3Aregular%2C800|font_style:400%20regular%3A400%3Anormal&#8221; css=&#8221;.vc_custom_1537795899731{margin-bottom: 0px !important;padding-bottom: 0px !important;}&#8221;][vc_custom_heading text=&#8221;Ben Howard&#8221; font_container=&#8221;tag:h1|font_size:40|text_align:left&#8221; google_fonts=&#8221;font_family:Coda%3Aregular%2C800|font_style:400%20regular%3A400%3Anormal&#8221; css=&#8221;.vc_custom_1537795917586{margin-top: 0px !important;}&#8221;][vc_column_text]<\/p>\n<pre style=\"text-align: left;\">Pr\u00e9 prod tourn\u00e9e monde\nBurgh Island Touring Limited<\/pre>\n<p>[\/vc_column_text][vc_single_image image=&#8221;4243&#8243; img_size=&#8221;450&#215;250&#8243; style=&#8221;vc_box_shadow_3d&#8221;][\/vc_column][vc_column width=&#8221;2\/6&#8243;][vc_custom_heading text=&#8221;NM.&#8221; font_container=&#8221;tag:h1|font_size:80|text_align:left&#8221; google_fonts=&#8221;font_family:Coda%3Aregular%2C800|font_style:400%20regular%3A400%3Anormal&#8221; css=&#8221;.vc_custom_1537796241087{margin-bottom: 0px !important;padding-bottom: 0px !important;}&#8221;][vc_custom_heading text=&#8221;Nick Murphy &#8221; font_container=&#8221;tag:h1|font_size:40|text_align:left&#8221; google_fonts=&#8221;font_family:Coda%3Aregular%2C800|font_style:400%20regular%3A400%3Anormal&#8221; css=&#8221;.vc_custom_1537796414066{margin-top: 0px !important;}&#8221;][vc_column_text]<\/p>\n<pre>R\u00e9sidence de cr\u00e9ation\nMiloco<\/pre>\n<p>[\/vc_column_text][vc_single_image image=&#8221;4250&#8243; img_size=&#8221;450&#215;250&#8243; style=&#8221;vc_box_shadow_3d&#8221;][\/vc_column][vc_column width=&#8221;1\/6&#8243;][\/vc_column][\/vc_row][vc_row full_width=&#8221;stretch_row&#8221; gap=&#8221;35&#8243;][vc_column width=&#8221;1\/6&#8243;][\/vc_column][vc_column width=&#8221;2\/6&#8243;][vc_custom_heading text=&#8221;I.&#8221; font_container=&#8221;tag:h1|font_size:80|text_align:left&#8221; google_fonts=&#8221;font_family:Coda%3Aregular%2C800|font_style:400%20regular%3A400%3Anormal&#8221; css=&#8221;.vc_custom_1521905789375{margin-bottom: 0px !important;padding-bottom: 0px !important;}&#8221;][vc_custom_heading text=&#8221;Indochine&#8221; font_container=&#8221;tag:h1|font_size:40|text_align:left&#8221; google_fonts=&#8221;font_family:Coda%3Aregular%2C800|font_style:400%20regular%3A400%3Anormal&#8221; css=&#8221;.vc_custom_1521905801873{margin-top: 0px !important;}&#8221;][vc_column_text]<\/p>\n<pre style=\"text-align: left;\">R\u00e9p\u00e9tition\nSony Music<\/pre>\n<p>[\/vc_column_text][vc_single_image image=&#8221;3740&#8243; img_size=&#8221;450&#215;250&#8243; style=&#8221;vc_box_shadow_3d&#8221;][\/vc_column][vc_column width=&#8221;2\/6&#8243;][vc_custom_heading text=&#8221;B.&#8221; font_container=&#8221;tag:h1|font_size:80|text_align:left&#8221; google_fonts=&#8221;font_family:Coda%3Aregular%2C800|font_style:400%20regular%3A400%3Anormal&#8221; css=&#8221;.vc_custom_1521906167722{margin-bottom: 0px !important;padding-bottom: 0px !important;}&#8221;][vc_custom_heading text=&#8221;BB Brunes&#8221; font_container=&#8221;tag:h1|font_size:40|text_align:left&#8221; google_fonts=&#8221;font_family:Coda%3Aregular%2C800|font_style:400%20regular%3A400%3Anormal&#8221; css=&#8221;.vc_custom_1521906189592{margin-top: 0px !important;}&#8221;][vc_column_text]<\/p>\n<pre>Pr\u00e9 prod album\nWarner<\/pre>\n<p>[\/vc_column_text][vc_single_image image=&#8221;3701&#8243; img_size=&#8221;450&#215;250&#8243; style=&#8221;vc_box_shadow_3d&#8221;][\/vc_column][vc_column width=&#8221;1\/6&#8243;][\/vc_column][\/vc_row][vc_row full_width=&#8221;stretch_row&#8221; gap=&#8221;35&#8243;][vc_column width=&#8221;1\/6&#8243;][\/vc_column][vc_column width=&#8221;2\/6&#8243;][vc_custom_heading text=&#8221;W.&#8221; font_container=&#8221;tag:h1|font_size:80|text_align:left&#8221; google_fonts=&#8221;font_family:Coda%3Aregular%2C800|font_style:400%20regular%3A400%3Anormal&#8221; css=&#8221;.vc_custom_1521903317441{margin-bottom: 0px !important;padding-bottom: 0px !important;}&#8221;][vc_custom_heading text=&#8221;Les Wampas&#8221; font_container=&#8221;tag:h1|font_size:40|text_align:left&#8221; google_fonts=&#8221;font_family:Coda%3Aregular%2C800|font_style:400%20regular%3A400%3Anormal&#8221; css=&#8221;.vc_custom_1521902773574{margin-top: 0px !important;}&#8221;][vc_column_text]<\/p>\n<pre style=\"text-align: left;\">Pr\u00e9paration Album\nCaramba spectacles<\/pre>\n<p>[\/vc_column_text][vc_single_image image=&#8221;3723&#8243; img_size=&#8221;450&#215;250&#8243; style=&#8221;vc_box_shadow_3d&#8221;][\/vc_column][vc_column width=&#8221;2\/6&#8243;][vc_custom_heading text=&#8221;R.&#8221; font_container=&#8221;tag:h1|font_size:80|text_align:left&#8221; google_fonts=&#8221;font_family:Coda%3Aregular%2C800|font_style:400%20regular%3A400%3Anormal&#8221; css=&#8221;.vc_custom_1521903325189{margin-bottom: 0px !important;padding-bottom: 0px !important;}&#8221;][vc_custom_heading text=&#8221;Radio Elvis&#8221; font_container=&#8221;tag:h1|font_size:40|text_align:left&#8221; google_fonts=&#8221;font_family:Coda%3Aregular%2C800|font_style:400%20regular%3A400%3Anormal&#8221; css=&#8221;.vc_custom_1521902848448{margin-top: 0px !important;}&#8221;][vc_column_text]<\/p>\n<pre>R\u00e9sidence \u00e9criture\nPias<\/pre>\n<p>[\/vc_column_text][vc_single_image image=&#8221;3759&#8243; img_size=&#8221;450&#215;250&#8243; style=&#8221;vc_box_shadow_3d&#8221;][\/vc_column][vc_column width=&#8221;1\/6&#8243;][\/vc_column][\/vc_row][vc_row full_width=&#8221;stretch_row&#8221; gap=&#8221;35&#8243;][vc_column width=&#8221;1\/6&#8243;][\/vc_column][vc_column width=&#8221;2\/6&#8243;][vc_custom_heading text=&#8221;C.&#8221; font_container=&#8221;tag:h1|font_size:80|text_align:left|line_height:1&#8243; google_fonts=&#8221;font_family:Coda%3Aregular%2C800|font_style:400%20regular%3A400%3Anormal&#8221; css=&#8221;.vc_custom_1521905605933{margin-bottom: 0px !important;padding-bottom: 0px !important;}&#8221;][vc_custom_heading text=&#8221;Christophe Willem&#8221; font_container=&#8221;tag:h1|font_size:40|text_align:left&#8221; google_fonts=&#8221;font_family:Coda%3Aregular%2C800|font_style:400%20regular%3A400%3Anormal&#8221; css=&#8221;.vc_custom_1521905612960{margin-top: 0px !important;}&#8221;][vc_column_text]<\/p>\n<pre style=\"text-align: left;\">R\u00e9sidence live\nLive Nation<\/pre>\n<p>[\/vc_column_text][vc_single_image image=&#8221;3728&#8243; img_size=&#8221;400&#215;220&#8243; alignment=&#8221;center&#8221; style=&#8221;vc_box_rounded&#8221;][\/vc_column][vc_column width=&#8221;2\/6&#8243;][vc_custom_heading text=&#8221;T.&#8221; font_container=&#8221;tag:h1|font_size:80|text_align:left|line_height:1&#8243; google_fonts=&#8221;font_family:Coda%3Aregular%2C800|font_style:400%20regular%3A400%3Anormal&#8221; css=&#8221;.vc_custom_1521586059806{margin-bottom: 0px !important;padding-bottom: 0px !important;}&#8221;][vc_custom_heading text=&#8221;Trust&#8221; font_container=&#8221;tag:h1|font_size:40|text_align:left&#8221; google_fonts=&#8221;font_family:Coda%3Aregular%2C800|font_style:400%20regular%3A400%3Anormal&#8221; css=&#8221;.vc_custom_1521810095268{margin-top: 0px !important;}&#8221;][vc_column_text]<\/p>\n<pre style=\"text-align: left;\">R\u00e9sidence record\nTeranga Productions<\/pre>\n<p>[\/vc_column_text][vc_single_image image=&#8221;3706&#8243; img_size=&#8221;400&#215;220&#8243; alignment=&#8221;center&#8221; style=&#8221;vc_box_rounded&#8221;][\/vc_column][vc_column width=&#8221;1\/6&#8243;][\/vc_column][\/vc_row][vc_row full_width=&#8221;stretch_row&#8221; gap=&#8221;35&#8243;][vc_column width=&#8221;1\/6&#8243;][\/vc_column][vc_column width=&#8221;2\/6&#8243;][vc_custom_heading text=&#8221;F.&#8221; font_container=&#8221;tag:h1|font_size:80|text_align:left&#8221; google_fonts=&#8221;font_family:Coda%3Aregular%2C800|font_style:400%20regular%3A400%3Anormal&#8221; css=&#8221;.vc_custom_1521903519693{margin-bottom: 0px !important;padding-top: 0px !important;padding-bottom: 0px !important;}&#8221;][vc_custom_heading text=&#8221;Frero DelaVega&#8221; font_container=&#8221;tag:h1|font_size:40|text_align:left&#8221; google_fonts=&#8221;font_family:Coda%3Aregular%2C800|font_style:400%20regular%3A400%3Anormal&#8221; css=&#8221;.vc_custom_1521899231438{margin-top: 0px !important;}&#8221;][vc_column_text]<\/p>\n<pre style=\"text-align: left;\">Day off + record \nLe P\u00e9riscope + EOS Records<\/pre>\n<p>[\/vc_column_text][vc_single_image image=&#8221;3704&#8243; img_size=&#8221;450&#215;250&#8243; style=&#8221;vc_box_shadow_3d&#8221;][\/vc_column][vc_column width=&#8221;2\/6&#8243;][vc_custom_heading text=&#8221;K.&#8221; font_container=&#8221;tag:h1|font_size:80|text_align:left&#8221; google_fonts=&#8221;font_family:Coda%3Aregular%2C800|font_style:400%20regular%3A400%3Anormal&#8221; css=&#8221;.vc_custom_1521903297010{margin-bottom: 0px !important;padding-bottom: 0px !important;}&#8221;][vc_custom_heading text=&#8221;Kids United&#8221; font_container=&#8221;tag:h1|font_size:40|text_align:left&#8221; google_fonts=&#8221;font_family:Coda%3Aregular%2C800|font_style:400%20regular%3A400%3Anormal&#8221; css=&#8221;.vc_custom_1521586023157{margin-top: 0px !important;}&#8221;][vc_column_text]<\/p>\n<pre style=\"text-align: left;\">Day off\nD\u00e9cibels productions<\/pre>\n<p>[\/vc_column_text][vc_single_image image=&#8221;3767&#8243; img_size=&#8221;450&#215;250&#8243; style=&#8221;vc_box_shadow_3d&#8221;][\/vc_column][vc_column width=&#8221;1\/6&#8243;][\/vc_column][\/vc_row][vc_row full_width=&#8221;stretch_row&#8221; gap=&#8221;35&#8243;][vc_column width=&#8221;1\/6&#8243;][\/vc_column][vc_column width=&#8221;2\/6&#8243;][vc_custom_heading text=&#8221;B.&#8221; font_container=&#8221;tag:h1|font_size:80|text_align:left|line_height:1&#8243; google_fonts=&#8221;font_family:Coda%3Aregular%2C800|font_style:400%20regular%3A400%3Anormal&#8221; css=&#8221;.vc_custom_1521905631678{margin-bottom: 0px !important;padding-bottom: 0px !important;}&#8221;][vc_custom_heading text=&#8221;Bertrand Cantat&#8221; font_container=&#8221;tag:h1|font_size:40|text_align:left&#8221; google_fonts=&#8221;font_family:Coda%3Aregular%2C800|font_style:400%20regular%3A400%3Anormal&#8221; css=&#8221;.vc_custom_1521905640410{margin-top: 0px !important;}&#8221;][vc_column_text]<\/p>\n<pre style=\"text-align: left;\">R\u00e9sidence cr\u00e9ation\nUni T<\/pre>\n<p>[\/vc_column_text][vc_single_image image=&#8221;3765&#8243; img_size=&#8221;400&#215;220&#8243; style=&#8221;vc_box_shadow_3d&#8221;][\/vc_column][vc_column width=&#8221;2\/6&#8243;][vc_custom_heading text=&#8221;B.&#8221; font_container=&#8221;tag:h1|font_size:80|text_align:left|line_height:1&#8243; google_fonts=&#8221;font_family:Coda%3Aregular%2C800|font_style:400%20regular%3A400%3Anormal&#8221; css=&#8221;.vc_custom_1521903006436{margin-bottom: 0px !important;padding-bottom: 0px !important;}&#8221;][vc_custom_heading text=&#8221;Botibol&#8221; font_container=&#8221;tag:h1|font_size:40|text_align:left&#8221; google_fonts=&#8221;font_family:Coda%3Aregular%2C800|font_style:400%20regular%3A400%3Anormal&#8221; css=&#8221;.vc_custom_1521906362894{margin-top: 0px !important;}&#8221;][vc_column_text]<\/p>\n<pre style=\"text-align: left;\">Tournage de clip\nHa\u00efku records<\/pre>\n<p>[\/vc_column_text][vc_single_image image=&#8221;4210&#8243; img_size=&#8221;450&#215;250&#8243; style=&#8221;vc_box_shadow_3d&#8221;][\/vc_column][vc_column width=&#8221;1\/6&#8243;][\/vc_column][\/vc_row][vc_row gap=&#8221;35&#8243;][vc_column width=&#8221;1\/6&#8243; css=&#8221;.vc_custom_1521575837157{background-position: center !important;background-repeat: no-repeat !important;background-size: cover !important;}&#8221;][\/vc_column][vc_column width=&#8221;2\/6&#8243;][vc_custom_heading text=&#8221;W.&#8221; font_container=&#8221;tag:h1|font_size:80|text_align:left|line_height:1&#8243; google_fonts=&#8221;font_family:Coda%3Aregular%2C800|font_style:400%20regular%3A400%3Anormal&#8221; css=&#8221;.vc_custom_1521905406299{margin-bottom: 0px !important;padding-bottom: 0px !important;}&#8221;][vc_custom_heading text=&#8221;Les Wampas&#8221; font_container=&#8221;tag:h1|font_size:40|text_align:left&#8221; google_fonts=&#8221;font_family:Coda%3Aregular%2C800|font_style:400%20regular%3A400%3Anormal&#8221; css=&#8221;.vc_custom_1521905399585{margin-top: 0px !important;}&#8221;][vc_column_text]<\/p>\n<pre style=\"text-align: left;\">R\u00e9p\u00e9tition\nCaramba spectacles<\/pre>\n<p>[\/vc_column_text][vc_single_image image=&#8221;1057&#8243; img_size=&#8221;400&#215;220&#8243; style=&#8221;vc_box_shadow_3d&#8221;][\/vc_column][vc_column width=&#8221;2\/6&#8243;][vc_custom_heading text=&#8221;L.&#8221; font_container=&#8221;tag:h1|font_size:80|text_align:left|line_height:1&#8243; google_fonts=&#8221;font_family:Coda%3Aregular%2C800|font_style:400%20regular%3A400%3Anormal&#8221; css=&#8221;.vc_custom_1521586140201{margin-bottom: 0px !important;padding-bottom: 0px !important;}&#8221;][vc_custom_heading text=&#8221;Lefa&#8221; font_container=&#8221;tag:h1|font_size:40|text_align:left&#8221; google_fonts=&#8221;font_family:Coda%3Aregular%2C800|font_style:400%20regular%3A400%3Anormal&#8221; css=&#8221;.vc_custom_1521586152276{margin-top: 0px !important;}&#8221;][vc_column_text]<\/p>\n<pre>R\u00e9sidence cr\u00e9ation\nYuma Productions<\/pre>\n<p>[\/vc_column_text][vc_single_image image=&#8221;3702&#8243; img_size=&#8221;400&#215;220&#8243; alignment=&#8221;center&#8221;][\/vc_column][vc_column width=&#8221;1\/6&#8243;][\/vc_column][\/vc_row][vc_row gap=&#8221;35&#8243;][vc_column width=&#8221;1\/6&#8243; css=&#8221;.vc_custom_1521575837157{background-position: center !important;background-repeat: no-repeat !important;background-size: cover !important;}&#8221;][\/vc_column][vc_column width=&#8221;2\/6&#8243;][vc_custom_heading text=&#8221;K.&#8221; font_container=&#8221;tag:h1|font_size:80|text_align:left|line_height:1&#8243; google_fonts=&#8221;font_family:Coda%3Aregular%2C800|font_style:400%20regular%3A400%3Anormal&#8221; css=&#8221;.vc_custom_1522311853370{margin-bottom: 0px !important;padding-bottom: 0px !important;}&#8221;][vc_custom_heading text=&#8221;Kepa&#8221; font_container=&#8221;tag:h1|font_size:40|text_align:left&#8221; google_fonts=&#8221;font_family:Coda%3Aregular%2C800|font_style:400%20regular%3A400%3Anormal&#8221; css=&#8221;.vc_custom_1522311869721{margin-top: 0px !important;}&#8221;][vc_column_text]<\/p>\n<pre style=\"text-align: left;\">Tournage de clip\nHa\u00efku records<\/pre>\n<p>[\/vc_column_text][vc_single_image image=&#8221;3707&#8243; img_size=&#8221;400&#215;220&#8243; alignment=&#8221;center&#8221;][\/vc_column][vc_column width=&#8221;2\/6&#8243;][vc_custom_heading text=&#8221;F.&#8221; font_container=&#8221;tag:h1|font_size:80|text_align:left|line_height:1&#8243; google_fonts=&#8221;font_family:Coda%3Aregular%2C800|font_style:400%20regular%3A400%3Anormal&#8221; css=&#8221;.vc_custom_1521905415348{margin-bottom: 0px !important;padding-bottom: 0px !important;}&#8221;][vc_custom_heading text=&#8221;Fr\u00e9ro Delavega&#8221; font_container=&#8221;tag:h1|font_size:40|text_align:left&#8221; google_fonts=&#8221;font_family:Coda%3Aregular%2C800|font_style:400%20regular%3A400%3Anormal&#8221; css=&#8221;.vc_custom_1521905694605{margin-top: 0px !important;}&#8221;][vc_column_text]<\/p>\n<pre>Session d'\u00e9criture avec Ben Mazu\u00e9\nCapitol records \/ French Flair<\/pre>\n<p>[\/vc_column_text][vc_single_image image=&#8221;3700&#8243; img_size=&#8221;400&#215;220&#8243; alignment=&#8221;center&#8221;][\/vc_column][vc_column width=&#8221;1\/6&#8243;][\/vc_column][\/vc_row]<\/p>\n","protected":false},"excerpt":{"rendered":"<p>[vc_row full_width=&#8221;stretch_row_content&#8221; full_height=&#8221;yes&#8221; css=&#8221;.vc_custom_1521570186885{padding-top: 200px !important;padding-bottom: 200px !important;background-image: url(http:\/\/lemanoirdeleon.fr\/wp-content\/uploads\/2018\/03\/T62A0725NB.jpg?id=3411) !important;background-position: center !important;background-repeat: no-repeat !important;background-size: cover !important;}&#8221;][vc_column width=&#8221;1\/6&#8243; css=&#8221;.vc_custom_1521575087685{padding-top: 20px !important;padding-right: 20px !important;padding-bottom: 20px !important;padding-left: 20px !important;background-color: rgba(137,11,32,0.8) !important;*background-color: rgb(137,11,32) !important;}&#8221;][\/vc_column][vc_column width=&#8221;2\/6&#8243; css=&#8221;.vc_custom_1521575068367{padding-top: 20px !important;padding-right: 20px !important;padding-bottom: 20px !important;padding-left: 20px !important;background-color: rgba(137,11,32,0.8) !important;*background-color: rgb(137,11,32) !important;}&#8221;][vc_custom_heading text=&#8221;R\u00e9sidence&#8221; font_container=&#8221;tag:h1|font_size:40|text_align:left|color:%23ffffff&#8221; google_fonts=&#8221;font_family:Coda%3Aregular%2C800|font_style:400%20regular%3A400%3Anormal&#8221;][\/vc_column][vc_column width=&#8221;1\/6&#8243;][\/vc_column][vc_column width=&#8221;1\/6&#8243;][\/vc_column][vc_column width=&#8221;1\/6&#8243;][\/vc_column][\/vc_row][vc_row full_width=&#8221;stretch_row&#8221; gap=&#8221;35&#8243;][vc_column width=&#8221;1\/6&#8243;][\/vc_column][vc_column width=&#8221;2\/6&#8243;][vc_custom_heading text=&#8221;MG.&#8221; [&hellip;]<\/p>\n","protected":false},"author":1,"featured_media":0,"parent":0,"menu_order":0,"comment_status":"closed","ping_status":"closed","template":"","meta":[],"_links":{"self":[{"href":"http:\/\/lemanoirdeleon.fr\/en\/wp-json\/wp\/v2\/pages\/4276\/"}],"collection":[{"href":"http:\/\/lemanoirdeleon.fr\/en\/wp-json\/wp\/v2\/pages\/"}],"about":[{"href":"http:\/\/lemanoirdeleon.fr\/en\/wp-json\/wp\/v2\/types\/page\/"}],"author":[{"embeddable":true,"href":"http:\/\/lemanoirdeleon.fr\/en\/wp-json\/wp\/v2\/users\/1\/"}],"replies":[{"embeddable":true,"href":"http:\/\/lemanoirdeleon.fr\/en\/wp-json\/wp\/v2\/comments\/?post=4276"}],"version-history":[{"count":3,"href":"http:\/\/lemanoirdeleon.fr\/en\/wp-json\/wp\/v2\/pages\/4276\/revisions\/"}],"predecessor-version":[{"id":4489,"href":"http:\/\/lemanoirdeleon.fr\/en\/wp-json\/wp\/v2\/pages\/4276\/revisions\/4489\/"}],"wp:attachment":[{"href":"http:\/\/lemanoirdeleon.fr\/en\/wp-json\/wp\/v2\/media\/?parent=4276"}],"curies":[{"name":"wp","href":"https:\/\/api.w.org\/{rel}","templated":true}]}}